{"id":9261,"date":"2014-11-24T19:21:50","date_gmt":"2014-11-24T19:21:50","guid":{"rendered":"http:\/\/tacy.cornerstonesap.com\/?page_id=9261"},"modified":"2024-11-12T12:05:50","modified_gmt":"2024-11-12T17:05:50","slug":"about-tacy-medical","status":"publish","type":"page","link":"https:\/\/www.tacymedical.com\/es\/about-tacy-medical\/","title":{"rendered":"Declaraci\u00f3n De Objetivos"},"content":{"rendered":"<div id=\"roundedContainer\">\n<p>Durante m\u00e1s de cuarenta a\u00f1os, Tacy Medical ha trabajado estrechamente con miles de clientes para satisfacer sus necesidades de productos y servicios.   La satisfacci\u00f3n del cliente es el \u00fanico objetivo de nuestra organizaci\u00f3n.<\/p>\n<p>Nuestros Directores de \u00c1rea altamente cualificados aportan soluciones al entorno sanitario en constante cambio.   Con una antig\u00fcedad media de quince a\u00f1os en Tacy Medical, este grupo est\u00e1 bien versado en tendencias del mercado sanitario y an\u00e1lisis de necesidades cr\u00edticas.<\/p>\n<p>La alta gerencia de Tacy Medical trabaja para asegurar que s\u00f3lo los productos y servicios de la m\u00e1s alta calidad sean entregados a los clientes de Tacy Medical.   Los principales centros de distribuci\u00f3n en la Costa Este y en el Medio Oeste permiten la entrega r\u00e1pida de productos a nuestros clientes.<\/p>\n<p>Tacy Medical Customer Service and warehouse operations process and ship the majority of product orders on the same day that the order is received providing outstanding logistical support to our partners. This U.S. based customer service team provides real time telephone +1 (800) 874-8672 and web support.<\/p>\n<p>Si usted ya es cliente de Tacy Medical, esperamos seguir sirvi\u00e9ndole.  Si a\u00fan no nos conoce, ll\u00e1menos por tel\u00e9fono o <a href=\"https:\/\/www.tacymedical.com\/es\/questions\/\">env\u00edenos una nota<\/a> y uno de nuestros empleados se pondr\u00e1 en contacto con usted.<\/p>\n<\/div>","protected":false},"excerpt":{"rendered":"<p>For over forty years Tacy Medical has worked closely with thousands of customers to meet their product and service needs.\u00a0 \u00a0Customer satisfaction is the sole focus of our organization. Our&#8230;<\/p>","protected":false},"author":2659,"featured_media":0,"parent":0,"menu_order":0,"comment_status":"closed","ping_status":"open","template":"","meta":{"footnotes":""},"class_list":["post-9261","page","type-page","status-publish","hentry","sapce-out-of-stock-override","out-of-stock"],"_links":{"self":[{"href":"https:\/\/www.tacymedical.com\/es\/wp-json\/wp\/v2\/pages\/9261","targetHints":{"allow":["GET"]}}],"collection":[{"href":"https:\/\/www.tacymedical.com\/es\/wp-json\/wp\/v2\/pages"}],"about":[{"href":"https:\/\/www.tacymedical.com\/es\/wp-json\/wp\/v2\/types\/page"}],"author":[{"embeddable":true,"href":"https:\/\/www.tacymedical.com\/es\/wp-json\/wp\/v2\/users\/2659"}],"replies":[{"embeddable":true,"href":"https:\/\/www.tacymedical.com\/es\/wp-json\/wp\/v2\/comments?post=9261"}],"version-history":[{"count":0,"href":"https:\/\/www.tacymedical.com\/es\/wp-json\/wp\/v2\/pages\/9261\/revisions"}],"wp:attachment":[{"href":"https:\/\/www.tacymedical.com\/es\/wp-json\/wp\/v2\/media?parent=9261"}],"curies":[{"name":"wp","href":"https:\/\/api.w.org\/{rel}","templated":true}]}}