{"id":9263,"date":"2014-11-24T19:22:33","date_gmt":"2014-11-24T19:22:33","guid":{"rendered":"http:\/\/tacy.cornerstonesap.com\/?page_id=9263"},"modified":"2015-05-12T20:19:50","modified_gmt":"2015-05-12T20:19:50","slug":"tacy-mission-statement","status":"publish","type":"page","link":"https:\/\/www.tacymedical.com\/es\/tacy-mission-statement\/","title":{"rendered":"Tacy Mission Statement"},"content":{"rendered":"<div id=\"roundedContainer\">\n<span id=\"mainFont\">Tacy Medical se esfuerza por ser el principal proveedor regional de soluciones innovadoras y rentables en todo el espectro de la atenci\u00f3n m\u00e9dica. Somos una organizaci\u00f3n de ventas t\u00e9cnicas altamente capacitada que proporciona productos de calidad, educaci\u00f3n cl\u00ednica y servicios que superan constantemente las expectativas.\nTacy Medical Inc. continuar\u00e1 haciendo lo siguiente:\n\nComprender las necesidades de nuestros clientes, ofrecer soluciones precisas y contribuir de forma cuantificable a su \u00e9xito.\nIntroducir soluciones, servicios y asistencia innovadores que mejoren los resultados de los pacientes y reduzcan el coste de la asistencia sanitaria.\nUtilizar un enfoque consultivo para abordar las necesidades cl\u00ednicas y financieras de nuestros clientes.\nComprometernos con la excelencia dentro de nuestra organizaci\u00f3n a trav\u00e9s de la formaci\u00f3n continua, la educaci\u00f3n y la mejora de las habilidades de nuestro personal.\nTacy Medical es una empresa orientada al trabajo en equipo, construida sobre una base de honestidad, integridad y compromiso con nuestros clientes. <\/span><\/p>\n<p><span id=\"mainFont\"><span style=\"text-decoration: underline;\">Tacy Medical Inc. continuar\u00e1 haciendo lo siguiente:<\/span>:<\/span><\/p>\n<ul id=\"listItems\">\n<li>Comprender las necesidades de nuestros clientes, ofrecer soluciones precisas y contribuir de forma mensurable a su \u00e9xito.<\/li>\n<li>Introducir soluciones, servicios y apoyo innovadores que mejoren los resultados de los pacientes y reduzcan el coste de la asistencia sanitaria.<\/li>\n<li>Utilizar un enfoque consultivo para abordar las necesidades cl\u00ednicas y financieras de nuestros clientes.<\/li>\n<li>Comprometernos con la excelencia dentro de nuestra organizaci\u00f3n a trav\u00e9s de la formaci\u00f3n continua, la educaci\u00f3n y la mejora de las habilidades de nuestro personal.<\/li>\n<\/ul>\n<p><span id=\"mainFont\">Tacy Medical es una empresa orientada al trabajo en equipo, construida sobre una base de honestidad, integridad y compromiso con nuestros clientes.<\/span>\n<\/div>","protected":false},"excerpt":{"rendered":"<p>Tacy Medical strives to be the premier regional provider of innovative, cost effective solutions across the full continuum of medical care. We are a highly trained technical sales organization providing&#8230;<\/p>","protected":false},"author":2659,"featured_media":0,"parent":0,"menu_order":0,"comment_status":"closed","ping_status":"open","template":"","meta":{"footnotes":""},"class_list":["post-9263","page","type-page","status-publish","hentry","sapce-out-of-stock-override","out-of-stock"],"_links":{"self":[{"href":"https:\/\/www.tacymedical.com\/es\/wp-json\/wp\/v2\/pages\/9263","targetHints":{"allow":["GET"]}}],"collection":[{"href":"https:\/\/www.tacymedical.com\/es\/wp-json\/wp\/v2\/pages"}],"about":[{"href":"https:\/\/www.tacymedical.com\/es\/wp-json\/wp\/v2\/types\/page"}],"author":[{"embeddable":true,"href":"https:\/\/www.tacymedical.com\/es\/wp-json\/wp\/v2\/users\/2659"}],"replies":[{"embeddable":true,"href":"https:\/\/www.tacymedical.com\/es\/wp-json\/wp\/v2\/comments?post=9263"}],"version-history":[{"count":0,"href":"https:\/\/www.tacymedical.com\/es\/wp-json\/wp\/v2\/pages\/9263\/revisions"}],"wp:attachment":[{"href":"https:\/\/www.tacymedical.com\/es\/wp-json\/wp\/v2\/media?parent=9263"}],"curies":[{"name":"wp","href":"https:\/\/api.w.org\/{rel}","templated":true}]}}