{"id":9669,"date":"2015-05-19T19:19:04","date_gmt":"2015-05-19T19:19:04","guid":{"rendered":"http:\/\/tacymedical.wpengine.com\/?page_id=9669"},"modified":"2022-03-04T11:21:37","modified_gmt":"2022-03-04T16:21:37","slug":"directions-for-use","status":"publish","type":"page","link":"https:\/\/www.tacymedical.com\/es\/directions-for-use\/","title":{"rendered":"Instrucciones De Uso"},"content":{"rendered":"<style>\nstrong{font-size:1.1em;}<br \/><\/style>\n<div style=\"font-family: arial!important; font-size: 12pt;\">\n<h1 style=\"text-align: center;\">INSTRUCCIONES PARA PEDIDOS EN L\u00cdNEA<\/h1>\n<ol>\n<li>Ir a: <a href=\"https:\/\/www.tacymedical.com\/es\/my-account\/\">https:\/\/www.tacymedical.com\/mi-cuenta\/<\/a><\/li>\n<li>Si no est\u00e1 registrado para realizar pedidos en l\u00ednea, comun\u00edquese con el Servicio de atenci\u00f3n al cliente.<\/li>\n<li>Seleccionar <strong>Acceso <\/strong>en la esquina superior derecha.<\/li>\n<li>Entra tu <strong>Username<\/strong>, which will be provided by Customer Service or your Tacy Medical Sales Representative.<\/li>\n<li>Entra tu <strong>Contrase\u00f1a<\/strong> (distingue may\u00fasculas y min\u00fasculas).<\/li>\n<li>Seleccionar <strong>Acceso <\/strong>bajo <strong>Contrase\u00f1a<\/strong>.<\/li>\n<li>Verificar <strong>Direcci\u00f3n de Env\u00edo<\/strong>\n<ol type=\"A\">\n<li>Para cambiar su direcci\u00f3n de env\u00edo, seleccione <strong>Enviar a una direcci\u00f3n diferente.\u00a0 <\/strong><\/li>\n<li>Para agregar una nueva ubicaci\u00f3n de env\u00edo, comun\u00edquese con Servicio al Cliente.<\/li>\n<li>Marque la casilla debajo de la direcci\u00f3n a la que desea enviar y seleccione <strong>Guardar direcci\u00f3n.<\/strong><\/li>\n<\/ol>\n<\/li>\n<li>Seleccionar <strong>Buscar Productos <\/strong>para obtener una lista amplia de nuestros productos, o haga clic en<strong> Ver mis productos <\/strong>para ver su lista personalizada de productos.<\/li>\n<li>Al seleccionar un art\u00edculo, introduzca la cantidad deseada y haga clic en <strong>a\u00f1adir a la cesta<\/strong>.<\/li>\n<li>In <strong>Mi Carrito <\/strong>puede eliminar art\u00edculos, modificar la cantidad de art\u00edculos o seleccionar art\u00edculos alternativos para su pedido.<\/li>\n<li>Seleccione su m\u00e9todo de env\u00edo preferido, luego <strong>Proceder a<\/strong> <strong>Verificar.<\/strong><\/li>\n<li>Aqu\u00ed puedes <strong>Haga su pedido<\/strong> o <strong>enviar por correo electr\u00f3nico una solicitud de orden de compra<\/strong> a su Gesti\u00f3n de Materiales.\n<ol type=\"a\">\n<li style=\"list-style-type: none;\">Para colocar un<strong> Orden:<\/strong>\n<ol type=\"a\">\n<li style=\"list-style-type: none;\">\n<ol type=\"a\">:<\/p>\n<li style=\"list-style-type: none;\">\n<ol type=\"\">\n<li>Ingrese su n\u00famero de orden de compra en el <strong>N\u00famero de orden de compra\/Centro de costos<\/strong> campo.<\/li>\n<li>Ingrese su nombre en el <strong>Pedido realizado por<\/strong> campo.<\/li>\n<li>Introduzca cualquier nota adicional en el <strong>pedidos<\/strong> campo.<\/li>\n<li>Seleccionar <strong>Realizar pedido<\/strong> para completar su pedido.<\/li>\n<li>Se enviar\u00e1 un correo electr\u00f3nico de confirmaci\u00f3n a las direcciones de correo electr\u00f3nico registradas.<\/li>\n<\/ol>\n<\/li>\n<\/ol>\n<\/li>\n<\/ol>\n<p>To request a <strong>PO Requisition<\/strong>:<\/p>\n<ol type=\"a\">\n<li style=\"list-style-type: none;\">\n<ol type=\"a\">\n<li>Ingrese su nombre en el <strong>Pedido realizado por<\/strong> campo.<\/li>\n<li>Seleccionar <strong>Prepare Quote<\/strong>.<\/li>\n<li>Enter the destination email address(es) for the quote into the dialog box that opens.<\/li>\n<li>A confirmation email will be sent to the email address entered, as well as the email on file.<\/li>\n<\/ol>\n<\/li>\n<\/ol>\n<\/li>\n<\/ol>\n<\/li>\n<li>If there are any questions or concerns about your order, if there is an item you would like added or removed to your <strong>Mis  Productos<\/strong> list, or we can assist you in any way please contact your Tacy Medical Sales Representative or Customer Service at <strong>800-874-8672<\/strong> or email <a href=\"mailto:customerservice@tacymedical.com\">mailto:servicioalcliente@tacymedical.com<\/a>.<\/li>\n<\/ol>\n<p>Thank you for allowing Tacy Medical to serve you!<\/p>\n<\/div>","protected":false},"excerpt":{"rendered":"<p>ONLINE ORDERING INSTRUCTIONS Go to: https:\/\/www.tacymedical.com\/my-account\/ If you are not registered for online ordering please contact Customer Service. Select Login in the upper right hand corner. Enter your Username, which&#8230;<\/p>","protected":false},"author":2659,"featured_media":0,"parent":0,"menu_order":0,"comment_status":"closed","ping_status":"open","template":"","meta":{"footnotes":""},"class_list":["post-9669","page","type-page","status-publish","hentry","sapce-out-of-stock-override","out-of-stock"],"_links":{"self":[{"href":"https:\/\/www.tacymedical.com\/es\/wp-json\/wp\/v2\/pages\/9669","targetHints":{"allow":["GET"]}}],"collection":[{"href":"https:\/\/www.tacymedical.com\/es\/wp-json\/wp\/v2\/pages"}],"about":[{"href":"https:\/\/www.tacymedical.com\/es\/wp-json\/wp\/v2\/types\/page"}],"author":[{"embeddable":true,"href":"https:\/\/www.tacymedical.com\/es\/wp-json\/wp\/v2\/users\/2659"}],"replies":[{"embeddable":true,"href":"https:\/\/www.tacymedical.com\/es\/wp-json\/wp\/v2\/comments?post=9669"}],"version-history":[{"count":0,"href":"https:\/\/www.tacymedical.com\/es\/wp-json\/wp\/v2\/pages\/9669\/revisions"}],"wp:attachment":[{"href":"https:\/\/www.tacymedical.com\/es\/wp-json\/wp\/v2\/media?parent=9669"}],"curies":[{"name":"wp","href":"https:\/\/api.w.org\/{rel}","templated":true}]}}