{"id":11152,"date":"2026-05-06T15:41:09","date_gmt":"2026-05-06T19:41:09","guid":{"rendered":"http:\/\/tacymedical.wpengine.com\/product\/polyknit-heatseal-wipe-wipa-9x9-sterile-cs55bg10ea\/"},"modified":"2026-05-06T15:41:09","modified_gmt":"2026-05-06T19:41:09","slug":"polyknit-heatseal-wipe-wipa-9x9-sterile-cs55bg10ea","status":"publish","type":"product","link":"https:\/\/www.tacymedical.com\/es\/product\/polyknit-heatseal-wipe-wipa-9x9-sterile-cs55bg10ea\/","title":{"rendered":"PROSAT\u00ae Sterile\u2122 Low Endotoxin Wipes w\/IPA 9\u2033x9\u2033 Est\u00e9ril cs\/55bg\/10ea"},"content":{"rendered":"<h3>C20.PSWE0001 &#8211; PROSAT\u00ae Sterile\u2122 Low Endotoxin Wipes, 9&#8243;x9&#8243;<\/h3>\n<p>PROSAT\u00ae Sterile\u2122 Low Endotoxin Wipes are made from 100% knitted polyester Polynit Heatseal wipes presaturated with a blend of 70% IPA (Isopropyl Alcohol) and the highest grade distilled Water for Injection (WFI). Each batch of sterile IPA wipes has a guaranteed endotoxin level of less than &lt;0.25EU\/mL per device. The sealed edge wipe produces a very low level of particles and fibers and is ideal for use in product contact areas. Each pouch contains a small number of Isopropyl wipes eliminating any waste at the end of a session. Double bagged and validated sterile, these Low Endotoxin wipes are suitable for use in the most critical pharmaceutical cleanrooms. Made in the USA in Contec&#039;s ISO 90001:2015 registered facility. Complete sterility validation reports available upon request.<\/p>\n<h3>Features &amp; Benefits<\/h3>\n<p>\u2022 Recommended for ISO Class 5 environments<br \/>\n\u2022 Low-lint, laundered, presaturated, 100% knitted interlock polyester wipes<br \/>\n\u2022 Guaranteed endotoxin levels of &lt;1EU\/device<br \/>\n\u2022 Heat sealed edges help prevent particle contamination<br \/>\n\u2022 Small number of wipes per resealable pouch helps eliminates waste<br \/>\n\u2022 Resealable pouch preserves cleanliness and solvent saturation levels<br \/>\n\u2022 Validated sterile 10-6 Sterility Assurance Level<\/p>\n<h3>Applications<\/h3>\n<p>\u2022 Use in Direct Compounding Area by pharmacies performing nonsterile to sterile compounding<br \/>\n\u2022 Use where additional quality assurance procedures to reduce endotoxin risk may be warranted<\/p>","protected":false},"excerpt":{"rendered":"<p><i>*Este art\u00edculo no es elegible para env\u00edo a\u00e9reo*<\/b><\/i><\/p>","protected":false},"featured_media":821135,"template":"","meta":[],"class_list":{"0":"post-11152","1":"product","2":"type-product","3":"status-publish","4":"has-post-thumbnail","6":"product_cat-wipes","8":"first","9":"instock","10":"purchasable","11":"product-type-simple"},"_links":{"self":[{"href":"https:\/\/www.tacymedical.com\/es\/wp-json\/wp\/v2\/product\/11152","targetHints":{"allow":["GET"]}}],"collection":[{"href":"https:\/\/www.tacymedical.com\/es\/wp-json\/wp\/v2\/product"}],"about":[{"href":"https:\/\/www.tacymedical.com\/es\/wp-json\/wp\/v2\/types\/product"}],"wp:featuredmedia":[{"embeddable":true,"href":"https:\/\/www.tacymedical.com\/es\/wp-json\/wp\/v2\/media\/821135"}],"wp:attachment":[{"href":"https:\/\/www.tacymedical.com\/es\/wp-json\/wp\/v2\/media?parent=11152"}],"curies":[{"name":"wp","href":"https:\/\/api.w.org\/{rel}","templated":true}]}}