{"id":19343,"date":"2026-04-30T18:03:07","date_gmt":"2026-04-30T22:03:07","guid":{"rendered":"http:\/\/tacymedical.wpengine.com\/product\/sterile-70-ipa-16oz-flip-top-cs12\/"},"modified":"2026-04-30T18:03:07","modified_gmt":"2026-04-30T22:03:07","slug":"sterile-70-ipa-16oz-with-flip-top-cs12","status":"publish","type":"product","link":"https:\/\/www.tacymedical.com\/es\/product\/sterile-70-ipa-16oz-with-flip-top-cs12\/","title":{"rendered":"Est\u00e9ril 70% IPA 16oz con Flip Top cs\/12"},"content":{"rendered":"<p><a href=\"https:\/\/www.contechealthcare.com\/product-resources\/sds-search\/\" download>Safety Data Sheet Search<span class=\"pdf_icon\"><\/span><\/a><\/p>\n<p>Contec Sterile 70% Isopropanol (isopropyl alcohol) contains 70% by volume USP Grade Isopropanol (IPA) and 30% USP Grade Purified Water. Filtered to 0.2\u03bc and induction sealed to assure sterility, the bottles are double-bagged and gamma-irradiated. Each bottle is lot coded and has an expiration date for easy record keeping. Validated per the Association for the Advancement of Medical Instrumentation (AAMI) 11137:2006 Guidelines to a 10-6 Sterility Assurance Level (SAL). A 16 oz. USP  compliant flip top configuration is now available.<\/p>\n<p>Applications<br \/>\n-Wipedown of isolators, cabinets, laminar flow hoods and surfaces<br \/>\n-Use on gloved hands in sterile suites<br \/>\n-Wipe down of products and equipment for pass through to controlled environments<br \/>\n-Ideally suited for use with sterile cleanroom wipes<\/p>","protected":false},"excerpt":{"rendered":"<p><i>*Este art\u00edculo no es elegible para env\u00edo a\u00e9reo*<\/b><\/i><\/p>","protected":false},"featured_media":820033,"template":"","meta":[],"class_list":{"0":"post-19343","1":"product","2":"type-product","3":"status-publish","4":"has-post-thumbnail","6":"product_cat-disinfectants","8":"first","9":"instock","10":"featured","11":"purchasable","12":"product-type-simple"},"_links":{"self":[{"href":"https:\/\/www.tacymedical.com\/es\/wp-json\/wp\/v2\/product\/19343","targetHints":{"allow":["GET"]}}],"collection":[{"href":"https:\/\/www.tacymedical.com\/es\/wp-json\/wp\/v2\/product"}],"about":[{"href":"https:\/\/www.tacymedical.com\/es\/wp-json\/wp\/v2\/types\/product"}],"wp:featuredmedia":[{"embeddable":true,"href":"https:\/\/www.tacymedical.com\/es\/wp-json\/wp\/v2\/media\/820033"}],"wp:attachment":[{"href":"https:\/\/www.tacymedical.com\/es\/wp-json\/wp\/v2\/media?parent=19343"}],"curies":[{"name":"wp","href":"https:\/\/api.w.org\/{rel}","templated":true}]}}