{"id":21876,"date":"2026-02-09T10:29:36","date_gmt":"2026-02-09T15:29:36","guid":{"rendered":"http:\/\/tacymedical.wpengine.com\/product\/gloves-non-sterile-chemo-rated-1000cs\/"},"modified":"2026-02-09T10:29:36","modified_gmt":"2026-02-09T15:29:36","slug":"glove-non-sterile-chemo-rated-blue-xs-1000cs","status":"publish","type":"product","link":"https:\/\/www.tacymedical.com\/es\/product\/glove-non-sterile-chemo-rated-blue-xs-1000cs\/","title":{"rendered":"Guante no est\u00e9ril con clasificaci\u00f3n qu\u00edmica azul XS 1000\/caja"},"content":{"rendered":"<p><h2>TechNiGlove 12&#8243; Nitrile Gloves, Chemo-Rated, XS<\/h2>\n<p>TechNiGlove 12&#8243; powder free nitrile gloves are suitable for use in CL100 Cleanrooms, Biotech and Pharmaceutical manufacturing, and USP 797compliant clean applications.<\/p>\n<p>Packaged 100 gloves per poly-sealed cleanroom bag, 10 bags per case.<\/p>\n<h3>Physical Properties<\/h3>\n<p>Style: Non-Sterile, Ambidextrous<br \/>\nLength: 12&#8243; (300mm)<br \/>\nThickness: 5 mil (0.005&#8243;)<br \/>\nGrip Surface: Microtextured Fingertips<br \/>\nCuff: Beaded<br \/>\nColor: Blue<br \/>\nTensile Strength: 12.9 MPa Minimum<\/p>\n<h3>Technical Properties<\/h3>\n<p>Particle Levels: 0.5\u00b5m<br \/>\nElectrical Properties Resistivity: At 12.5% R. Humidity, 1&#215;10\u2078 ohm\/square per ESD-S11.12<br \/>\nStatic Decay: At 12.5% R. Humidity, &lt;3 seconds per RETS-5-003<br \/>\nTotal Non Volatile Residue: 4.0 \u00b5g\/cm\u00b2<\/p>","protected":false},"excerpt":{"rendered":"<p>TechNiGlove 12&#8243; Nitrile Gloves, Chemo-Rated, XS TechNiGlove 12&#8243; powder free nitrile gloves are suitable for use in CL100 Cleanrooms, Biotech and Pharmaceutical manufacturing, and USP 797compliant clean applications. Packaged 100&#8230;<\/p>","protected":false},"featured_media":807961,"template":"","meta":[],"class_list":{"0":"post-21876","1":"product","2":"type-product","3":"status-publish","4":"has-post-thumbnail","6":"product_cat-gloves-goggles-masks-spillkits","8":"first","9":"instock","10":"purchasable","11":"product-type-simple"},"_links":{"self":[{"href":"https:\/\/www.tacymedical.com\/es\/wp-json\/wp\/v2\/product\/21876","targetHints":{"allow":["GET"]}}],"collection":[{"href":"https:\/\/www.tacymedical.com\/es\/wp-json\/wp\/v2\/product"}],"about":[{"href":"https:\/\/www.tacymedical.com\/es\/wp-json\/wp\/v2\/types\/product"}],"wp:featuredmedia":[{"embeddable":true,"href":"https:\/\/www.tacymedical.com\/es\/wp-json\/wp\/v2\/media\/807961"}],"wp:attachment":[{"href":"https:\/\/www.tacymedical.com\/es\/wp-json\/wp\/v2\/media?parent=21876"}],"curies":[{"name":"wp","href":"https:\/\/api.w.org\/{rel}","templated":true}]}}