{"id":537896,"date":"2026-04-30T18:05:41","date_gmt":"2026-04-30T22:05:41","guid":{"rendered":"https:\/\/www.tacymedical.com\/product\/critical-site-wipes-sterile-70-ipa-4x4-non-woven-poly-cs-24pk-60ea\/"},"modified":"2026-04-30T18:05:41","modified_gmt":"2026-04-30T22:05:41","slug":"critical-site-wipes-sterile-70-ipa-4x4-non-woven-poly-cs-24pk-60ea","status":"publish","type":"product","link":"https:\/\/www.tacymedical.com\/es\/product\/critical-site-wipes-sterile-70-ipa-4x4-non-woven-poly-cs-24pk-60ea\/","title":{"rendered":"Critical Site Wipes\u00ae Sterile 70% IPA 4\u2033x4\u2033 Poly no tejido cs\/24pk\/60ea"},"content":{"rendered":"<h3>C20.HCPS6044 &#8211; Contec\u00ae Critical Site\u00ae Sterile Wipes<\/h3>\n<p>Critical sites must be wiped with sterile 70% IPA (Isopropyl Alcohol) in the primary engineering control to provide both chemical and mechanical actions to remove contaminants. The sterile 70% IPA must be allowed to dry before entering or puncturing vial stoppers\/septums or breaking the necks of ampules. Contec Critical Site Sterile Wipes are 100% polyester 4 x 4&#8243; (10x 10cm) wipes that contain 70% USP Grade Isopropanol and 30% USP Grade purified water. The low linting, nonwoven cleanroom pharmacy wipes are suitable for primary engineering control zones, are USP compliant, and are exceptionally clean making them ideal for the most critical applications. Manufactured in Contec&#8217;s ISO 9001:2015 registered facility, these mini IPA ampule neck wipes are Validated Sterile per the Association for the Advancement of Medical Instrumentation (AAMI) 11137 Guidelines to a 10-6 Sterility Assurance Level (SAL). Sterility documentation is available upon request.<\/p>\n<p><b><u>Features &amp; Benefits<\/b><\/u><br \/>\n\u2022 Presaturated wipe allows for process repeatability<br \/>\n\u2022 Product is validated sterile and USP 797 compliant<br \/>\n\u2022 Low-lint, synthetic polyester wipe<br \/>\n\u2022 Peel and reseal packaging eliminates evaporation concern during storage and reduces potential contamination risk from torn foil or paper<\/p>\n<p><b><u>Applications<\/b><\/u><br \/>\n\u2022 Ideal for use on smaller surfaces where precise application and sterility requirements are mandatory<br \/>\n\u2022 Ideal for use on critical sites such as vial stoppers, ampule necks and intravenous bag septums <\/p>\n<p><b>Packaging Details<\/b><br \/>\n\u2022 60 wipes\/pouch, 4 pouches\/inner bag, 2 inner bags\/outer bag, 3 outer bags\/case, 1440 wipes\/case<\/p>\n<p><a href=\"https:\/\/www.contecinc.com\/sds-search\/\">Data Sheets Search<\/span><\/a><\/p>","protected":false},"excerpt":{"rendered":"<p><i>*Este art\u00edculo no es elegible para env\u00edo a\u00e9reo*<\/b><\/i><\/p>","protected":false},"featured_media":820068,"template":"","meta":[],"class_list":{"0":"post-537896","1":"product","2":"type-product","3":"status-publish","4":"has-post-thumbnail","6":"product_cat-disinfectants","7":"product_cat-wipes","8":"product_tag-contec-essential-item","9":"product_tag-contec-essentials-iso-5","10":"product_tag-iso-5-cleanroom-wipes","12":"first","13":"instock","14":"purchasable","15":"product-type-simple"},"_links":{"self":[{"href":"https:\/\/www.tacymedical.com\/es\/wp-json\/wp\/v2\/product\/537896","targetHints":{"allow":["GET"]}}],"collection":[{"href":"https:\/\/www.tacymedical.com\/es\/wp-json\/wp\/v2\/product"}],"about":[{"href":"https:\/\/www.tacymedical.com\/es\/wp-json\/wp\/v2\/types\/product"}],"wp:featuredmedia":[{"embeddable":true,"href":"https:\/\/www.tacymedical.com\/es\/wp-json\/wp\/v2\/media\/820068"}],"wp:attachment":[{"href":"https:\/\/www.tacymedical.com\/es\/wp-json\/wp\/v2\/media?parent=537896"}],"curies":[{"name":"wp","href":"https:\/\/api.w.org\/{rel}","templated":true}]}}