{"id":574935,"date":"2026-05-01T08:21:12","date_gmt":"2026-05-01T12:21:12","guid":{"rendered":"https:\/\/www.tacymedical.com\/product\/tb1-3300-disinfectant-sterile-32-oz-cs-12\/"},"modified":"2026-05-01T08:21:12","modified_gmt":"2026-05-01T12:21:12","slug":"hctb3300ir","status":"publish","type":"product","link":"https:\/\/www.tacymedical.com\/es\/product\/hctb3300ir\/","title":{"rendered":"TB1-3300\u2122 Desinfectante Est\u00e9ril 32 oz. cs\/12"},"content":{"rendered":"<h1>Contec\u00ae Healthcare Sterile TB1-3300 Disinfectant\u2122<\/h1>\n<p><a href=\"https:\/\/sds.contecinc.com\/\">Safety Data Sheet Search<\/a><\/p>\n<p>Contec Healthcare TB1-3300\u2122 Disinfectant is a blend of quaternary ammonium and ethyl alcohol available in 32 oz. (0.9L) and 1 gallon (3.8L) containers. TB1-3300\u2122 Disinfectant is available sterile and non-sterile. It is a ready to use cleaner\/disinfectant that generates low residue.<\/p>\n<p>TB1-3300\u2122 Disinfectant has a 1-minute bactericidal, virucidal, tuberculocidal and fungicidal contact time. It is bleach-free, making it an excellent choice for operators in critical environments, sterile compounding facilities, retail pharmacies, and laboratories.<\/p>\n<p>A push-pull cap is included for controlled application. Contec Healthcare TB1-3300\u2122 Disinfectant is ideal for cleaning and disinfecting environmental surfaces in pharmacy cleanrooms and laboratory areas including work stations, isolators, Primary Engineering Controls (PECs), Secondary Engineering Controls (SECs), and other hard non-porous environmental surfaces.<\/p>\n<h3>Applications<\/h3>\n<p>\u2022 Ideal for cleaning and disinfecting environmental surfaces in pharmacy cleanrooms and laboratory areas including work stations, isolators, Primary Engineering Controls (PECs), Secondary Engineering Controls (SECs), and other hard non-porous environmental surfaces.<br \/>\n\u2022 Its bleach-free chemistry makes it an excellent choice for operators in critical environments, sterile compounding facilities, retail pharmacies, and laboratories.<br \/>\n\u2022 Contec Healthcare TB1-3300\u2122 Disinfectant formulation contains surfactants for cleaning efficiency, and is a One-Step, Ready-To-Use requiring no mixing or measuring.<br \/>\n\u2022 Designed for use as a daily disinfectant that can be used at the beginning or end of each shift to clean counters and work surfaces<br \/>\n\u2022 Ideal for daily cleaning of floors in buffer area, ante-area, and segregated compounding area<br \/>\n\u2022 Sterile and Non-sterile options<\/p>\n<p><h3>Note the Silver Border along the label.  This denotes the item is Sterile<\/h3>","protected":false},"excerpt":{"rendered":"<p><i>*Este art\u00edculo no es elegible para env\u00edo a\u00e9reo*<\/b><\/i><\/p>","protected":false},"featured_media":820286,"template":"","meta":[],"class_list":{"0":"post-574935","1":"product","2":"type-product","3":"status-publish","4":"has-post-thumbnail","6":"product_cat-disinfectants","8":"first","9":"instock","10":"featured","11":"purchasable","12":"product-type-simple"},"_links":{"self":[{"href":"https:\/\/www.tacymedical.com\/es\/wp-json\/wp\/v2\/product\/574935","targetHints":{"allow":["GET"]}}],"collection":[{"href":"https:\/\/www.tacymedical.com\/es\/wp-json\/wp\/v2\/product"}],"about":[{"href":"https:\/\/www.tacymedical.com\/es\/wp-json\/wp\/v2\/types\/product"}],"wp:featuredmedia":[{"embeddable":true,"href":"https:\/\/www.tacymedical.com\/es\/wp-json\/wp\/v2\/media\/820286"}],"wp:attachment":[{"href":"https:\/\/www.tacymedical.com\/es\/wp-json\/wp\/v2\/media?parent=574935"}],"curies":[{"name":"wp","href":"https:\/\/api.w.org\/{rel}","templated":true}]}}