{"id":599848,"date":"2026-05-02T00:14:46","date_gmt":"2026-05-02T04:14:46","guid":{"rendered":"https:\/\/www.tacymedical.com\/product\/prosat-theta-wipes-presaturated-with-70-ipa-and-30-di-water-cs-28bg-50ea\/"},"modified":"2026-05-02T00:14:46","modified_gmt":"2026-05-02T04:14:46","slug":"prosat-theta-wipes-presaturated-with-70-ipa-and-30-di-water-cs-28bg-50ea","status":"publish","type":"product","link":"https:\/\/www.tacymedical.com\/es\/product\/prosat-theta-wipes-presaturated-with-70-ipa-and-30-di-water-cs-28bg-50ea\/","title":{"rendered":"Toallitas est\u00e9riles PROSAT\u00ae Theta\u2122 9\u2033x11\u2033 prensadas 70 % IPA cs\/28bg\/50ea"},"content":{"rendered":"<h3>C20.PSC20005 &#8211; PROSAT\u00ae Sterile Theta\u2122 Wipes<\/h3>\n<h2>Lightweight cellulose\/polyester nonwoven wipes presaturated with 70% IPA and 30% DI water<\/h2>\n<p>These PROSAT\u00ae Theta\u2122 wipes are manufactured from a lightweight hydroentangled cellulose\/polyester and saturated with a solution of 70% USP grade IPA and 30% deionized water. A cost effective wipe ideal for transfer disinfection and general cleaning, PROSAT Theta wipes offer a soft and durable wipe providing consistant solvent application.<\/p>\n<p>Presaturated wipes ensure consistent saturation of each wipe independent of operator. Presaturated wipes can increase solvent control and accountability as well as reduce VOC emissions. The wipes are provided in convenient and easy to use peel and reseal pouches. The resealable pouches preserve solvent saturation and cleanliness.<\/p>\n<h2>Features &amp; Benefits<\/h2>\n<p>Nonwoven material<br \/>\n     \u2022 Low in particles and fibers making an excellent general purpose wipes<br \/>\nPresaturated wipes<br \/>\n     \u2022 To reduce solvent usage and VOC emissions<br \/>\n     \u2022 Ensures consistent saturation of each wipe independent of the operator<br \/>\nResealable pouch<br \/>\n     \u2022 Wipes are provided in a resealable pouch for ease of use and convenience<br \/>\nValidated sterile via gamma irradiation to a 10-6 Sterility Assurance Level<br \/>\n     \u2022 Suitable for use in Grade A and B cleanrooms<\/p>\n<h2>Product Information<\/h2>\n<p>\u2022 Material: 54% Cellulose \/ 46% Polyester<br \/>\n\u2022 Construction: Hydropentangled Staple Fibers<br \/>\n\u2022 Solution of Saturation: 70% USP Grade Isopropanol \/ 30% DeIonized Water<br \/>\n\u2022 Environment:<br \/>\n     \u2666 ISO 5-8<br \/>\n     \u2666 Grade A\/B for Sterile<\/p>\n<h2>Packaging<\/h2>\n<p>\u2022 50 Wipes per Pouch, 1 Pouch per First Outer Bag, 7 First Outer Bags per Outer Bag 2, 4 Outer Bag 2 per case.<br \/>\n\u2022 1400 Total Wipes Per Case<\/p>\n<h2>See Documentation Tab for the full Data Sheet on this item!<\/h2>","protected":false},"excerpt":{"rendered":"<p><i>*Este art\u00edculo no es elegible para env\u00edo a\u00e9reo*<\/b><\/i><\/p>","protected":false},"featured_media":820489,"template":"","meta":[],"class_list":{"0":"post-599848","1":"product","2":"type-product","3":"status-publish","4":"has-post-thumbnail","6":"product_cat-disinfectants","7":"product_cat-wipes","9":"first","10":"instock","11":"purchasable","12":"product-type-simple"},"_links":{"self":[{"href":"https:\/\/www.tacymedical.com\/es\/wp-json\/wp\/v2\/product\/599848","targetHints":{"allow":["GET"]}}],"collection":[{"href":"https:\/\/www.tacymedical.com\/es\/wp-json\/wp\/v2\/product"}],"about":[{"href":"https:\/\/www.tacymedical.com\/es\/wp-json\/wp\/v2\/types\/product"}],"wp:featuredmedia":[{"embeddable":true,"href":"https:\/\/www.tacymedical.com\/es\/wp-json\/wp\/v2\/media\/820489"}],"wp:attachment":[{"href":"https:\/\/www.tacymedical.com\/es\/wp-json\/wp\/v2\/media?parent=599848"}],"curies":[{"name":"wp","href":"https:\/\/api.w.org\/{rel}","templated":true}]}}