{"id":618110,"date":"2026-05-01T08:20:54","date_gmt":"2026-05-01T12:20:54","guid":{"rendered":"https:\/\/www.tacymedical.com\/product\/prosat-hc-nw-cell-poly-9x11-in-70-30-ipa-di-sterile-cs-3bg-9pouch-30ea\/"},"modified":"2026-05-01T08:20:54","modified_gmt":"2026-05-01T12:20:54","slug":"c20-hcps0002ir","status":"publish","type":"product","link":"https:\/\/www.tacymedical.com\/es\/product\/c20-hcps0002ir\/","title":{"rendered":"PROSAT\u00ae Sterile NW Celulosa\/Poli\u00e9ster 9\u2033X11\u2033 Toallitas 70% sIPA cs\/3bg\/9pouch\/30ea"},"content":{"rendered":"<h1>C20.HCPS0002IR -Sterile Presaturated Nonwoven Cellulose\/Polypropylene wipes with IPA 70%\/30% Deionized Water<\/h1>\n<h2>PROSAT\u00ae Sterile\u2122 HCPS0002IR Wipes<\/h2>\n<p>PROSAT\u00ae Sterile\u2122 HCPS0002IR Wipes are manufactured from a low lint cellulose\/polyester material and saturated with a solution of 70% USP grade IPA\/30% DI Water. The sterile cellulose\/polyester wipes provide consistent solvent application and a repeatable process. The wipes are provided in convenient and easy-to-use peel and reseal pouches, which also help reduce solvent evaporation.<\/p>\n<h3>FEATURES &amp; BENEFITS<\/h3>\n<p><b>\u2022 Barcoded for tracking purposes<\/b><br \/>\n\u2022 Suitable for ISO Class 5-8 environments<br \/>\n\u2022 <b>Low lint, robust, cellulose\/polyester fabric<\/b><br \/>\n\u2022 Individually wrapped, resealable pouch preserves cleanliness and solvent saturation levels<br \/>\n\u2022 Validated sterile per AAMI (Association for the Advancement of Medical Instrumentation) 11137 guidelines to a 10-6 SAL (Sterility Assurance Level)<\/p>\n<h3>APPLICATIONS<\/h3>\n<p>\u2022 Use inside Primary Engineering Controls (PECs)<br \/>\n\u2022 Residue removal on work surfaces found in controlled environments, after application of an EPA-registered one-step disinfectant cleaner<br \/>\n\u2022 Convenient cleanup following surface sampling in ISO 5, 7 or 8 classified environments<br \/>\n\u2022 Sufficient for wiping supplies before placing into the pass-through and moving into the cleanroom suite or across the perimeter line of the segregated compounding area<br \/>\n\u2022 Convenient for wiping sterile gloves<\/p>\n<h3>PACKAGING<\/h3>\n<p>\u2022 30 wipes\/pouch, 1 pouch\/inner bag, 9 inner bags\/outer bag, 3 outer bags\/case; 810 wipes\/case<\/p>","protected":false},"excerpt":{"rendered":"<p><i>*Este art\u00edculo no es elegible para env\u00edo a\u00e9reo*<\/b><\/i><\/p>","protected":false},"featured_media":820282,"template":"","meta":[],"class_list":{"0":"post-618110","1":"product","2":"type-product","3":"status-publish","4":"has-post-thumbnail","6":"product_cat-disinfectants","7":"product_cat-wipes","8":"product_tag-contec-essential-item","9":"product_tag-contec-essentials-iso-5","10":"product_tag-iso-5-cleanroom-wipes","12":"first","13":"instock","14":"featured","15":"purchasable","16":"product-type-simple"},"_links":{"self":[{"href":"https:\/\/www.tacymedical.com\/es\/wp-json\/wp\/v2\/product\/618110","targetHints":{"allow":["GET"]}}],"collection":[{"href":"https:\/\/www.tacymedical.com\/es\/wp-json\/wp\/v2\/product"}],"about":[{"href":"https:\/\/www.tacymedical.com\/es\/wp-json\/wp\/v2\/types\/product"}],"wp:featuredmedia":[{"embeddable":true,"href":"https:\/\/www.tacymedical.com\/es\/wp-json\/wp\/v2\/media\/820282"}],"wp:attachment":[{"href":"https:\/\/www.tacymedical.com\/es\/wp-json\/wp\/v2\/media?parent=618110"}],"curies":[{"name":"wp","href":"https:\/\/api.w.org\/{rel}","templated":true}]}}