{"id":628294,"date":"2026-05-06T15:33:18","date_gmt":"2026-05-06T19:33:18","guid":{"rendered":"https:\/\/www.tacymedical.com\/product\/prosat-9x11-presaturated-meltblown-polypropylene-wipes-with-70ipa-30-di-water-30-pch-810-cs\/"},"modified":"2026-05-06T15:33:18","modified_gmt":"2026-05-06T19:33:18","slug":"prosat-9x11-presaturated-meltblown-polypropylene-wipes-with-70ipa-30-di-water-30-pch-810-cs","status":"publish","type":"product","link":"https:\/\/www.tacymedical.com\/es\/product\/prosat-9x11-presaturated-meltblown-polypropylene-wipes-with-70ipa-30-di-water-30-pch-810-cs\/","title":{"rendered":"Toallitas h\u00famedas presaturadas de polipropileno fundido por soplado PROSAT\u00ae de 9\u2033x11\u2033 con 70 % de IPA cs\/3bg\/9pouch\/30ea"},"content":{"rendered":"<p><h1>C20.HCPS2328 &#8211; Presaturated Meltblown Polypropylene Wipes with 70% IPA\/30% Deionized water<\/h1>\n<h2>PROSAT\u00ae HCPS2328 Wipes<\/h2>\n<p>PROSAT\u00ae wipes are comprised of meltblown polypropylene wipes saturated with 70% isopropyl alcohol\/30% DI Water. Ideal for wiping gloves and surfaces. Convenient and safer to use than liquid IPA, these presaturated meltblown polypropylene wipes reduce solvent storage issues and provide more control over applications and processes. Resealable pouches with tamper-evident labels ensure product integrity and cleanliness.<\/p>\n<h3>FEATURES &amp; BENEFITS<\/h3>\n<p><b>\u2022 Barcoded for tracking purposes<\/b><br \/>\n\u2022 Suitable for ISO 7-8 classified environments outside the primary engineering control<br \/>\n\u2022 Nonwoven material which is low in particles and fibers making an excellent general purpose wipes<br \/>\n\u2022 Presaturated wipe reduces VOC emissions and solvent use<br \/>\n\u2022 Individually wrapped, resealable pouch preserves cleanliness and solvent saturation levels<\/p>\n<h3>APPLICATIONS<\/h3>\n<p>\u2022 Conveniently wipe sterile compounding pharmacy equipment, work surfaces, other tools and supplies<br \/>\n\u2022 Residue removal on work surfaces outside the primary engineering control after application of an EPA-registered one-step disinfectant cleaner<br \/>\n\u2022 Convenient cleanup following surface sampling in ISO 7 and 8 classified environments<br \/>\n\u2022 Sufficient for wiping supplies before placing into the pass-through and moving into the cleanroom suite or across the perimeter line of the segregated compounding area<\/p>\n<h3>PACKAGING<\/h3>\n<p>\u2022 30 wipes\/pouch, 1 pouch\/inner bag, 9 inner bags\/outer bag, 3 outer bags\/case; 810 wipes\/case<\/p>","protected":false},"excerpt":{"rendered":"<p><i>*Este art\u00edculo no es elegible para env\u00edo a\u00e9reo*<\/b><\/i><\/p>","protected":false},"featured_media":821122,"template":"","meta":[],"class_list":{"0":"post-628294","1":"product","2":"type-product","3":"status-publish","4":"has-post-thumbnail","6":"product_cat-disinfectants","7":"product_cat-wipes","8":"product_cat-usp795","10":"first","11":"instock","12":"purchasable","13":"product-type-simple"},"_links":{"self":[{"href":"https:\/\/www.tacymedical.com\/es\/wp-json\/wp\/v2\/product\/628294","targetHints":{"allow":["GET"]}}],"collection":[{"href":"https:\/\/www.tacymedical.com\/es\/wp-json\/wp\/v2\/product"}],"about":[{"href":"https:\/\/www.tacymedical.com\/es\/wp-json\/wp\/v2\/types\/product"}],"wp:featuredmedia":[{"embeddable":true,"href":"https:\/\/www.tacymedical.com\/es\/wp-json\/wp\/v2\/media\/821122"}],"wp:attachment":[{"href":"https:\/\/www.tacymedical.com\/es\/wp-json\/wp\/v2\/media?parent=628294"}],"curies":[{"name":"wp","href":"https:\/\/api.w.org\/{rel}","templated":true}]}}