{"id":628344,"date":"2026-05-01T08:21:03","date_gmt":"2026-05-01T12:21:03","guid":{"rendered":"https:\/\/www.tacymedical.com\/product\/prosat-sterile-9x11-presaturated-meltblown-polypropylene-wipes-with-70ipa-30-di-water\/"},"modified":"2026-05-01T08:21:03","modified_gmt":"2026-05-01T12:21:03","slug":"prosat-sterile-9x11-presaturated-meltblown-polypropylene-wipes-with-70ipa-30-di-water","status":"publish","type":"product","link":"https:\/\/www.tacymedical.com\/es\/product\/prosat-sterile-9x11-presaturated-meltblown-polypropylene-wipes-with-70ipa-30-di-water\/","title":{"rendered":"Toallitas de polipropileno fundido presaturadas PROSAT\u00ae est\u00e9riles de 9\u2033x11\u2033 con 70 % de sIPA cs\/3bg\/9pouch\/30ea"},"content":{"rendered":"<p><h1>C20.HCPS2328IR &#8211; Sterile Presaturated Meltblown Polypropylene Wipes with 70% IPA\/30% Deionized water<\/h1><\/p>\n<h2>PROSAT\u00ae Sterile\u2122 HCPS2328IR Wipes<\/h2>\n<p>PROSAT\u00ae Sterile\u2122 Wipes are specifically designed for cleaning all critical surfaces found in the pharmacy cleanroom. Sterilized by gamma irradiation and validated sterile to a 10-6 Sterility Assurance Level, these wipes are compatible with Class 5 environments and saturated with an optimal amount of isopropyl alcohol for cleaning. The meltblown microfiber polypropylene fabric offers a unique metered release of IPA which removes contaminants and leaves a consistent level of solvent on the surface after wiping is completed. The guesswork and inconsistency involved in a spray and wipe process is removed from the procedure, making it possible to create a cleaning protocol that is consistent, repeatable, effective, and easier to implement, document, and validate. Additionally, PROSAT\u00ae Sterile wipes enhance operational benefits and reduce inventory SKU\u2019s and storage space. Assured sterility of both wipe and 70\/30 IPA\/DI Water eliminates the risk of introducing spores and other contaminants to the process either through contaminated solvent or use of inappropriate wiping materials such as cotton gauze.<\/p>\n<h2>FEATURES &amp; BENEFITS<\/h2>\n<p><b>\u2022 Barcoded for tracking purposes<\/b><br \/>\n\u2022 Suitable for ISO 5, 7-8 classified environments<br \/>\n\u2022 Low lint meltblown polypropylene fabric<br \/>\n\u2022 Reduces VOC emissions and solvent use often associated with spray options<br \/>\n\u2022 Individually wrapped, resealable pouch preserves cleanliness and solvent saturation levels<br \/>\n\u2022 Validated sterile per AAMI (Association for the Advancement of Medical Instrumentation) 11137 guidelines to a 10-6 SAL (Sterility Assurance Level)<br \/>\n\u2022 Simplifies process validation<\/p>\n<h2>APPLICATIONS<\/h2>\n<p>\u2022 Use inside Primary Engineering Controls (PECs)<br \/>\n\u2022 Residue removal inside the primary engineering control and on other work surfaces after application of EPA-registered one-step disinfectant cleaner<br \/>\n\u2022 Convenient cleanup following surface sampling in ISO 5, 7 or 8 classified environments<br \/>\n\u2022 Sufficient for wiping supplies before placing into the pass-through and moving into the cleanroom suite or across the perimeter line of the segregated compounding area<br \/>\n\u2022 Convenient for wiping sterile gloves<\/p>\n<h3>Packaging<\/h3>\n<p>\u2022 30 wipes\/pouch, 1 pouch\/inner bag, 9 inner bags\/outer bag, 3 outer bags\/case; 810 wipes\/case<\/p>","protected":false},"excerpt":{"rendered":"<p><i>*Este art\u00edculo no es elegible para env\u00edo a\u00e9reo*<\/b><\/i><\/p>","protected":false},"featured_media":820284,"template":"","meta":[],"class_list":{"0":"post-628344","1":"product","2":"type-product","3":"status-publish","4":"has-post-thumbnail","6":"product_cat-disinfectants","7":"product_cat-wipes","8":"product_tag-contec-essential-item","9":"product_tag-contec-essentials-iso-5","10":"product_tag-iso-5-cleanroom-wipes","12":"first","13":"instock","14":"featured","15":"purchasable","16":"product-type-simple"},"_links":{"self":[{"href":"https:\/\/www.tacymedical.com\/es\/wp-json\/wp\/v2\/product\/628344","targetHints":{"allow":["GET"]}}],"collection":[{"href":"https:\/\/www.tacymedical.com\/es\/wp-json\/wp\/v2\/product"}],"about":[{"href":"https:\/\/www.tacymedical.com\/es\/wp-json\/wp\/v2\/types\/product"}],"wp:featuredmedia":[{"embeddable":true,"href":"https:\/\/www.tacymedical.com\/es\/wp-json\/wp\/v2\/media\/820284"}],"wp:attachment":[{"href":"https:\/\/www.tacymedical.com\/es\/wp-json\/wp\/v2\/media?parent=628344"}],"curies":[{"name":"wp","href":"https:\/\/api.w.org\/{rel}","templated":true}]}}