{"id":638553,"date":"2026-05-02T00:23:00","date_gmt":"2026-05-02T04:23:00","guid":{"rendered":"https:\/\/www.tacymedical.com\/product\/gown-over-the-head-w-tapered-wrist-blue-universal-non-sterile-15-bx-5-bx-cs\/"},"modified":"2026-05-02T00:23:00","modified_gmt":"2026-05-02T04:23:00","slug":"gown-over-the-head-w-tapered-wrist-blue-universal-non-sterile-15-bx-5-bx-cs","status":"publish","type":"product","link":"https:\/\/www.tacymedical.com\/es\/product\/gown-over-the-head-w-tapered-wrist-blue-universal-non-sterile-15-bx-5-bx-cs\/","title":{"rendered":"Bata, sobre la cabeza, con mu\u00f1eca c\u00f3nica, azul, universal, no est\u00e9ril, 15\/caja 5 cajas\/caja"},"content":{"rendered":"<h2>PR.51575 &#8211; Over-the-Head Thumb Loop Gown with Open Back, LRG &#8211; 15\/Box, 75\/Case<\/h2>\n<p>\u2022 Blue Polyethylene film provides enhanced barrier protection.<br \/>\n\u2022 Generous sizing improves comfort.<br \/>\n\u2022 Over-the-Head donning improves compliance.<br \/>\n\u2022 Thumb loops with tapered wrist ensure proper glove donning.<br \/>\n\u2022 Thermal impulse seams<br \/>\n\u2022 Not made with natural rubber latex and non-sterile<br \/>\n\u2022 Size: Large, 45&#8243; x 37&#8243;<\/p>\n<h3>Contact your Tacy Medical Territory Manager for Samples<\/h3>","protected":false},"excerpt":{"rendered":"<p>PR.51575 &#8211; Over-the-Head Thumb Loop Gown with Open Back, LRG &#8211; 15\/Box, 75\/Case \u2022 Blue Polyethylene film provides enhanced barrier protection. \u2022 Generous sizing improves comfort. \u2022 Over-the-Head donning improves&#8230;<\/p>","protected":false},"featured_media":820591,"template":"","meta":[],"class_list":{"0":"post-638553","1":"product","2":"type-product","3":"status-publish","4":"has-post-thumbnail","6":"product_cat-apparel","8":"first","9":"instock","10":"purchasable","11":"product-type-simple"},"_links":{"self":[{"href":"https:\/\/www.tacymedical.com\/es\/wp-json\/wp\/v2\/product\/638553","targetHints":{"allow":["GET"]}}],"collection":[{"href":"https:\/\/www.tacymedical.com\/es\/wp-json\/wp\/v2\/product"}],"about":[{"href":"https:\/\/www.tacymedical.com\/es\/wp-json\/wp\/v2\/types\/product"}],"wp:featuredmedia":[{"embeddable":true,"href":"https:\/\/www.tacymedical.com\/es\/wp-json\/wp\/v2\/media\/820591"}],"wp:attachment":[{"href":"https:\/\/www.tacymedical.com\/es\/wp-json\/wp\/v2\/media?parent=638553"}],"curies":[{"name":"wp","href":"https:\/\/api.w.org\/{rel}","templated":true}]}}