{"id":640198,"date":"2026-04-04T00:15:37","date_gmt":"2026-04-04T04:15:37","guid":{"rendered":"https:\/\/www.tacymedical.com\/product\/tb1-3300-disinfectant-wipes-9x11-non-sterile-30-pk-9pk-bg-3bg-cs\/"},"modified":"2026-04-04T00:15:37","modified_gmt":"2026-04-04T04:15:37","slug":"tb1-3300-disinfectant-wipes-9x11-non-sterile-30-pk-9pk-bg-3bg-cs","status":"publish","type":"product","link":"https:\/\/www.tacymedical.com\/es\/product\/tb1-3300-disinfectant-wipes-9x11-non-sterile-30-pk-9pk-bg-3bg-cs\/","title":{"rendered":"Toallitas desinfectantes TB1-3300\u2122 9\u2033X11\u2033, no est\u00e9riles 30\/pk, 9pk\/bg, 3bg\/cs"},"content":{"rendered":"<h2>C20.HCTB3315 &#8211; TB1-3300\u2122 Disinfectant Wipes<\/h2>\n<p><a href=\"https:\/\/sds.contecinc.com\/\">Safety Data Sheet Search<\/a><\/p>\n<h3>Ethyl Alcohol\/Quat Cleaner Disinfectant Wipes<\/h3>\n<p>Contec\u00ae Healthcare TB1-3300\u2122 Disinfectant Wipes are low-lint wipes containing a blend of quaternary ammonium and ethyl alcohol available in sterile and nonsterile packaging configurations. The sterile wipes are sterilized by gamma irradiation and validated sterile per AAMI (Association for the Advancement of Medical Instrumentation) 11137 guidelines to a 10-6 SAL (Sterility Assurance Level). These nonwoven wipes are suitable for ISO 5, 7, or 8 environments. Manufactured in Contec\u2019s ISO classified facility, these wipes are designed to remove the guesswork and inconsistency associated with squeeze and wipe processes. This promotes a daily cleaning and disinfecting protocol that is repeatable, consistent, effective, and easier to implement, document, and validate.<br \/>\nTB1-3300 Disinfectant Wipes have a 1-minute bactericidal, virucidal, tuberculocidal and fungicidal contact time. They are bleach-free, making them an excellent choice for operators in critical environments, sterile compounding facilities, retail pharmacies, and laboratories.<br \/>\nContec Healthcare Disinfectant Wipes are packaged in resealable, individually wrapped pouches, ensuring product integrity, cleanliness as well as, reducing solvent storage issues in sterile compounding environments. TB1-3300 Disinfectant Wipes are ideal for cleaning and disinfecting in pharmacy cleanrooms and laboratory areas including work stations, Primary Engineering Controls (PECs), Secondary Engineering Controls (SECs), and other hard non-porous surfaces.<\/p>","protected":false},"excerpt":{"rendered":"<p><i>*Este art\u00edculo no es elegible para env\u00edo a\u00e9reo*<\/b><\/i><\/p>","protected":false},"featured_media":816359,"template":"","meta":[],"class_list":{"0":"post-640198","1":"product","2":"type-product","3":"status-publish","4":"has-post-thumbnail","6":"product_cat-disinfectants","7":"product_cat-wipes","8":"product_cat-usp795","10":"first","11":"instock","12":"purchasable","13":"product-type-simple"},"_links":{"self":[{"href":"https:\/\/www.tacymedical.com\/es\/wp-json\/wp\/v2\/product\/640198","targetHints":{"allow":["GET"]}}],"collection":[{"href":"https:\/\/www.tacymedical.com\/es\/wp-json\/wp\/v2\/product"}],"about":[{"href":"https:\/\/www.tacymedical.com\/es\/wp-json\/wp\/v2\/types\/product"}],"wp:featuredmedia":[{"embeddable":true,"href":"https:\/\/www.tacymedical.com\/es\/wp-json\/wp\/v2\/media\/816359"}],"wp:attachment":[{"href":"https:\/\/www.tacymedical.com\/es\/wp-json\/wp\/v2\/media?parent=640198"}],"curies":[{"name":"wp","href":"https:\/\/api.w.org\/{rel}","templated":true}]}}