{"id":710054,"date":"2026-05-01T08:21:26","date_gmt":"2026-05-01T12:21:26","guid":{"rendered":"https:\/\/www.tacymedical.com\/product\/prosat-sterile-wipes-presat-70-ipa-9x11-cs-48bags-30ea\/"},"modified":"2026-05-01T08:21:26","modified_gmt":"2026-05-01T12:21:26","slug":"prosat-sterile-wipes-presat-70-ipa-9x11-cs-48bags-30ea","status":"publish","type":"product","link":"https:\/\/www.tacymedical.com\/es\/product\/prosat-sterile-wipes-presat-70-ipa-9x11-cs-48bags-30ea\/","title":{"rendered":"Toallitas est\u00e9riles prensadas PROSAT 70 % IPA 9\u2033x11\u2033 caja\/48 bolsas\/30 c\/u"},"content":{"rendered":"<p><a href=\"https:\/\/www.contechealthcare.com\/product-resources\/sds-search\/\" download>Safety Data Sheet Search<span class=\"pdf_icon\"><\/span><\/a><\/p>\n<p>Sterile presaturated nonwoven polypropylene cleanroom wipes (70% IPA\/30% DI Water)<\/p>\n<p>PROSAT\u00ae Sterile PS911-EB Wipes are made of ultra clean meltblown polypropylene fabric saturated with 70% Isopropyl Alcohol\/30% DI Water, then sterilized by Gamma radiation to a 10-6 SAL. Assured sterility of both the wipe and 70\/30 IPA\/DI water eliminates the risk of introducing spores and other contaminants to the compounding process either through contaminated solvent or use of inappropriate wiping materials such as cotton gauze.<\/p>\n<p>Tamper-evident labels ensure product integrity, while resealable pouches preserve solvent saturation levels and cleanliness. Convenient and safe to use, PROSAT Sterile PS-911EB presaturated wipes offer more control over cleaning procedures and reduce VOC\u2019s. Compact pouch easily fits into isolators and bio-safety cabinets.<\/p>\n<p>Ideal for gloves and surfaces, and routine application of sterile 70% IPA as mandated by USP. <\/p>\n<p>PROSAT Sterile wipes are made in the USA in Contec&#8217;s ISO 9001:2001 registered manufacturing facility, unlike many imported products whose true source and manufacturing environment are unknown.<\/p>","protected":false},"excerpt":{"rendered":"<p><i>*Este art\u00edculo no es elegible para env\u00edo a\u00e9reo*<\/b><\/i><\/p>","protected":false},"featured_media":820289,"template":"","meta":[],"class_list":{"0":"post-710054","1":"product","2":"type-product","3":"status-publish","4":"has-post-thumbnail","6":"product_cat-disinfectants","7":"product_cat-wipes","9":"first","10":"instock","11":"purchasable","12":"product-type-simple"},"_links":{"self":[{"href":"https:\/\/www.tacymedical.com\/es\/wp-json\/wp\/v2\/product\/710054","targetHints":{"allow":["GET"]}}],"collection":[{"href":"https:\/\/www.tacymedical.com\/es\/wp-json\/wp\/v2\/product"}],"about":[{"href":"https:\/\/www.tacymedical.com\/es\/wp-json\/wp\/v2\/types\/product"}],"wp:featuredmedia":[{"embeddable":true,"href":"https:\/\/www.tacymedical.com\/es\/wp-json\/wp\/v2\/media\/820289"}],"wp:attachment":[{"href":"https:\/\/www.tacymedical.com\/es\/wp-json\/wp\/v2\/media?parent=710054"}],"curies":[{"name":"wp","href":"https:\/\/api.w.org\/{rel}","templated":true}]}}