{"id":711672,"date":"2026-05-01T08:21:40","date_gmt":"2026-05-01T12:21:40","guid":{"rendered":"https:\/\/www.tacymedical.com\/product\/sterile-70-ipa-16oz-spray-bottle-cs-12\/"},"modified":"2026-05-01T08:21:40","modified_gmt":"2026-05-01T12:21:40","slug":"sterile-70-ipa-16oz-spray-bottle-cs-12","status":"publish","type":"product","link":"https:\/\/www.tacymedical.com\/es\/product\/sterile-70-ipa-16oz-spray-bottle-cs-12\/","title":{"rendered":"IPA 70% Est\u00e9ril 16oz Botella Spray c\/12"},"content":{"rendered":"<p><a href=\"https:\/\/www.contechealthcare.com\/product-resources\/sds-search\/\" download>Safety Data Sheet Search<span class=\"pdf_icon\"><\/span><\/a><br \/>\nContec Sterile 70% Isopropanol (isopropyl alcohol) contains 70% by volume USP Grade Isopropanol (IPA) and 30% USP Grade Purified Water. Filtered to 0.2\u03bc and induction sealed to assure sterility, the bottles are double-bagged and gamma-irradiated. Each bottle is lot coded and has an expiration date for easy record keeping. Validated per the Association for the Advancement of Medical Instrumentation (AAMI) 11137:2006 Guidelines to a 10-6 Sterility Assurance Level (SAL). A convenient trigger sprayer with settings for stream or mist spraying is included. The stream setting is ideal for targeting specific hard to reach areas, while the mist setting is used to cover larger areas. To reduce the occurrence of leaking during irradiation and transportation, the included trigger sprayer is packaged separately with each induction sealed bottle.<\/p>\n<p>Applications<br \/>\n-Wipedown of isolators, cabinets, laminar flow hoods and surfaces<br \/>\n-Use on gloved hands in sterile suites<br \/>\n-Wipe down of products and equipment for pass through to controlled environments<br \/>\n-Ideally suited for use with sterile cleanroom wipes<\/p>","protected":false},"excerpt":{"rendered":"<p><i>*Este art\u00edculo no es elegible para env\u00edo a\u00e9reo*<\/b><\/i><\/p>","protected":false},"featured_media":820292,"template":"","meta":[],"class_list":{"0":"post-711672","1":"product","2":"type-product","3":"status-publish","4":"has-post-thumbnail","6":"product_cat-disinfectants","8":"first","9":"instock","10":"purchasable","11":"product-type-simple"},"_links":{"self":[{"href":"https:\/\/www.tacymedical.com\/es\/wp-json\/wp\/v2\/product\/711672","targetHints":{"allow":["GET"]}}],"collection":[{"href":"https:\/\/www.tacymedical.com\/es\/wp-json\/wp\/v2\/product"}],"about":[{"href":"https:\/\/www.tacymedical.com\/es\/wp-json\/wp\/v2\/types\/product"}],"wp:featuredmedia":[{"embeddable":true,"href":"https:\/\/www.tacymedical.com\/es\/wp-json\/wp\/v2\/media\/820292"}],"wp:attachment":[{"href":"https:\/\/www.tacymedical.com\/es\/wp-json\/wp\/v2\/media?parent=711672"}],"curies":[{"name":"wp","href":"https:\/\/api.w.org\/{rel}","templated":true}]}}